{"id":180,"date":"2024-04-18T12:02:33","date_gmt":"2024-04-18T17:02:33","guid":{"rendered":"https:\/\/konfrutas.com\/?post_type=product&#038;p=180"},"modified":"2025-11-26T20:18:07","modified_gmt":"2025-11-27T01:18:07","slug":"batido-verde","status":"publish","type":"product","link":"https:\/\/konfrutas.com\/index.php\/product\/batido-verde\/","title":{"rendered":"Batido Verde"},"content":{"rendered":"","protected":false},"excerpt":{"rendered":"<p>Disfruta de nuestro Batido Verde, una combinaci\u00f3n refrescante y nutritiva de espinaca org\u00e1nica, pi\u00f1a, apio, pepino y manzana verde. Este batido es ideal para desintoxicar y revitalizar tu cuerpo con ingredientes naturales y saludables. Perfecto para empezar el d\u00eda con energ\u00eda y bienestar.<\/p>\n<p><strong>Ingredientes<\/strong>: Espinaca Org\u00e1nica, Pi\u00f1a, Apio, Pepino, Manzana Verde<\/p>\n<p><strong>Nota Importante<\/strong>: El valor del env\u00edo depende de la ciudad de destino. Nuestro servicio al cliente le indicar\u00e1 el costo total del env\u00edo a trav\u00e9s de WhatsApp. El precio que ve en nuestra tienda es solo del producto. \u00a1Gracias por su comprensi\u00f3n!<\/p>\n","protected":false},"featured_media":237,"comment_status":"open","ping_status":"closed","template":"","meta":{"om_disable_all_campaigns":false,"_monsterinsights_skip_tracking":false,"_monsterinsights_sitenote_active":false,"_monsterinsights_sitenote_note":"","_monsterinsights_sitenote_category":0},"product_brand":[],"product_cat":[25],"product_tag":[],"class_list":{"0":"post-180","1":"product","2":"type-product","3":"status-publish","4":"has-post-thumbnail","6":"product_cat-mix-saludable","8":"first","9":"instock","10":"shipping-taxable","11":"purchasable","12":"product-type-variable"},"aioseo_notices":[],"_links":{"self":[{"href":"https:\/\/konfrutas.com\/index.php\/wp-json\/wp\/v2\/product\/180","targetHints":{"allow":["GET"]}}],"collection":[{"href":"https:\/\/konfrutas.com\/index.php\/wp-json\/wp\/v2\/product"}],"about":[{"href":"https:\/\/konfrutas.com\/index.php\/wp-json\/wp\/v2\/types\/product"}],"replies":[{"embeddable":true,"href":"https:\/\/konfrutas.com\/index.php\/wp-json\/wp\/v2\/comments?post=180"}],"wp:featuredmedia":[{"embeddable":true,"href":"https:\/\/konfrutas.com\/index.php\/wp-json\/wp\/v2\/media\/237"}],"wp:attachment":[{"href":"https:\/\/konfrutas.com\/index.php\/wp-json\/wp\/v2\/media?parent=180"}],"wp:term":[{"taxonomy":"product_brand","embeddable":true,"href":"https:\/\/konfrutas.com\/index.php\/wp-json\/wp\/v2\/product_brand?post=180"},{"taxonomy":"product_cat","embeddable":true,"href":"https:\/\/konfrutas.com\/index.php\/wp-json\/wp\/v2\/product_cat?post=180"},{"taxonomy":"product_tag","embeddable":true,"href":"https:\/\/konfrutas.com\/index.php\/wp-json\/wp\/v2\/product_tag?post=180"}],"curies":[{"name":"wp","href":"https:\/\/api.w.org\/{rel}","templated":true}]}}