{"id":192,"date":"2024-04-18T14:46:31","date_gmt":"2024-04-18T19:46:31","guid":{"rendered":"https:\/\/konfrutas.com\/?post_type=product&#038;p=192"},"modified":"2024-05-21T15:23:44","modified_gmt":"2024-05-21T20:23:44","slug":"batido-digestion","status":"publish","type":"product","link":"https:\/\/konfrutas.com\/index.php\/product\/batido-digestion\/","title":{"rendered":"Batido Digesti\u00f3n"},"content":{"rendered":"","protected":false},"excerpt":{"rendered":"<p>Mejora tu digesti\u00f3n con nuestro Batido Digesti\u00f3n. Combinamos pi\u00f1a, papaya y banano para crear una bebida que ayuda a tu sistema digestivo y proporciona una fuente natural de energ\u00eda. Perfecto para despu\u00e9s de las comidas.<\/p>\n<p><strong>Ingredientes<\/strong>: Pi\u00f1a, Papaya, Banano<\/p>\n<p><strong>Nota Importante<\/strong>: El valor del env\u00edo depende de la ciudad de destino. Nuestro servicio al cliente le indicar\u00e1 el costo total del env\u00edo a trav\u00e9s de WhatsApp. El precio que ve en nuestra tienda es solo del producto. \u00a1Gracias por su comprensi\u00f3n!<\/p>\n","protected":false},"featured_media":109,"comment_status":"open","ping_status":"closed","template":"","meta":{"om_disable_all_campaigns":false,"_monsterinsights_skip_tracking":false,"_monsterinsights_sitenote_active":false,"_monsterinsights_sitenote_note":"","_monsterinsights_sitenote_category":0},"product_brand":[],"product_cat":[25],"product_tag":[],"class_list":{"0":"post-192","1":"product","2":"type-product","3":"status-publish","4":"has-post-thumbnail","6":"product_cat-mix-saludable","8":"first","9":"instock","10":"shipping-taxable","11":"purchasable","12":"product-type-variable"},"aioseo_notices":[],"_links":{"self":[{"href":"https:\/\/konfrutas.com\/index.php\/wp-json\/wp\/v2\/product\/192","targetHints":{"allow":["GET"]}}],"collection":[{"href":"https:\/\/konfrutas.com\/index.php\/wp-json\/wp\/v2\/product"}],"about":[{"href":"https:\/\/konfrutas.com\/index.php\/wp-json\/wp\/v2\/types\/product"}],"replies":[{"embeddable":true,"href":"https:\/\/konfrutas.com\/index.php\/wp-json\/wp\/v2\/comments?post=192"}],"wp:featuredmedia":[{"embeddable":true,"href":"https:\/\/konfrutas.com\/index.php\/wp-json\/wp\/v2\/media\/109"}],"wp:attachment":[{"href":"https:\/\/konfrutas.com\/index.php\/wp-json\/wp\/v2\/media?parent=192"}],"wp:term":[{"taxonomy":"product_brand","embeddable":true,"href":"https:\/\/konfrutas.com\/index.php\/wp-json\/wp\/v2\/product_brand?post=192"},{"taxonomy":"product_cat","embeddable":true,"href":"https:\/\/konfrutas.com\/index.php\/wp-json\/wp\/v2\/product_cat?post=192"},{"taxonomy":"product_tag","embeddable":true,"href":"https:\/\/konfrutas.com\/index.php\/wp-json\/wp\/v2\/product_tag?post=192"}],"curies":[{"name":"wp","href":"https:\/\/api.w.org\/{rel}","templated":true}]}}