{"id":197,"date":"2024-04-18T14:47:06","date_gmt":"2024-04-18T19:47:06","guid":{"rendered":"https:\/\/konfrutas.com\/?post_type=product&#038;p=197"},"modified":"2025-12-12T05:47:39","modified_gmt":"2025-12-12T10:47:39","slug":"batido-piel","status":"publish","type":"product","link":"https:\/\/konfrutas.com\/index.php\/product\/batido-piel\/","title":{"rendered":"Batido Piel"},"content":{"rendered":"","protected":false},"excerpt":{"rendered":"<p>Cuida tu piel desde el interior con nuestro Batido Piel. Esta mezcla de zanahoria, manzana verde, jengibre y lim\u00f3n proporciona antioxidantes y vitaminas que promueven una piel saludable y radiante. Ideal para una rutina de belleza natural.<\/p>\n<p><strong>Ingredientes<\/strong>: Zanahoria, Manzana Verde, Jengibre, Lim\u00f3n<\/p>\n<p><strong>Nota Importante<\/strong>: El valor del env\u00edo depende de la ciudad de destino. Nuestro servicio al cliente le indicar\u00e1 el costo total del env\u00edo a trav\u00e9s de WhatsApp. El precio que ve en nuestra tienda es solo del producto. \u00a1Gracias por su comprensi\u00f3n!<\/p>\n","protected":false},"featured_media":108,"comment_status":"open","ping_status":"closed","template":"","meta":{"om_disable_all_campaigns":false,"_monsterinsights_skip_tracking":false,"_monsterinsights_sitenote_active":false,"_monsterinsights_sitenote_note":"","_monsterinsights_sitenote_category":0},"product_brand":[],"product_cat":[25],"product_tag":[],"class_list":{"0":"post-197","1":"product","2":"type-product","3":"status-publish","4":"has-post-thumbnail","6":"product_cat-mix-saludable","8":"first","9":"instock","10":"shipping-taxable","11":"purchasable","12":"product-type-variable"},"aioseo_notices":[],"_links":{"self":[{"href":"https:\/\/konfrutas.com\/index.php\/wp-json\/wp\/v2\/product\/197","targetHints":{"allow":["GET"]}}],"collection":[{"href":"https:\/\/konfrutas.com\/index.php\/wp-json\/wp\/v2\/product"}],"about":[{"href":"https:\/\/konfrutas.com\/index.php\/wp-json\/wp\/v2\/types\/product"}],"replies":[{"embeddable":true,"href":"https:\/\/konfrutas.com\/index.php\/wp-json\/wp\/v2\/comments?post=197"}],"wp:featuredmedia":[{"embeddable":true,"href":"https:\/\/konfrutas.com\/index.php\/wp-json\/wp\/v2\/media\/108"}],"wp:attachment":[{"href":"https:\/\/konfrutas.com\/index.php\/wp-json\/wp\/v2\/media?parent=197"}],"wp:term":[{"taxonomy":"product_brand","embeddable":true,"href":"https:\/\/konfrutas.com\/index.php\/wp-json\/wp\/v2\/product_brand?post=197"},{"taxonomy":"product_cat","embeddable":true,"href":"https:\/\/konfrutas.com\/index.php\/wp-json\/wp\/v2\/product_cat?post=197"},{"taxonomy":"product_tag","embeddable":true,"href":"https:\/\/konfrutas.com\/index.php\/wp-json\/wp\/v2\/product_tag?post=197"}],"curies":[{"name":"wp","href":"https:\/\/api.w.org\/{rel}","templated":true}]}}