{"id":247,"date":"2024-05-21T15:29:21","date_gmt":"2024-05-21T20:29:21","guid":{"rendered":"https:\/\/konfrutas.com\/?post_type=product&#038;p=247"},"modified":"2025-12-29T01:38:22","modified_gmt":"2025-12-29T06:38:22","slug":"limonada-de-coco","status":"publish","type":"product","link":"https:\/\/konfrutas.com\/index.php\/product\/limonada-de-coco\/","title":{"rendered":"Limonada de Coco"},"content":{"rendered":"","protected":false},"excerpt":{"rendered":"<p>Disfruta de una experiencia tropical con nuestra Limonada de Coco. Una combinaci\u00f3n \u00fanica y refrescante que te transportar\u00e1 a una playa paradis\u00edaca con cada sorbo.<\/p>\n<p><strong>Nota Importante<\/strong>: El valor del env\u00edo depende de la ciudad de destino. Nuestro servicio al cliente le indicar\u00e1 el costo total del env\u00edo a trav\u00e9s de WhatsApp. El precio que ve en nuestra tienda es solo del producto. \u00a1Gracias por su comprensi\u00f3n!<\/p>\n<p>&nbsp;<\/p>\n","protected":false},"featured_media":251,"comment_status":"open","ping_status":"closed","template":"","meta":{"om_disable_all_campaigns":false,"_monsterinsights_skip_tracking":false,"_monsterinsights_sitenote_active":false,"_monsterinsights_sitenote_note":"","_monsterinsights_sitenote_category":0},"product_brand":[],"product_cat":[26],"product_tag":[],"class_list":{"0":"post-247","1":"product","2":"type-product","3":"status-publish","4":"has-post-thumbnail","6":"product_cat-pulpas-combinadas","8":"first","9":"instock","10":"shipping-taxable","11":"purchasable","12":"product-type-variable"},"aioseo_notices":[],"_links":{"self":[{"href":"https:\/\/konfrutas.com\/index.php\/wp-json\/wp\/v2\/product\/247","targetHints":{"allow":["GET"]}}],"collection":[{"href":"https:\/\/konfrutas.com\/index.php\/wp-json\/wp\/v2\/product"}],"about":[{"href":"https:\/\/konfrutas.com\/index.php\/wp-json\/wp\/v2\/types\/product"}],"replies":[{"embeddable":true,"href":"https:\/\/konfrutas.com\/index.php\/wp-json\/wp\/v2\/comments?post=247"}],"wp:featuredmedia":[{"embeddable":true,"href":"https:\/\/konfrutas.com\/index.php\/wp-json\/wp\/v2\/media\/251"}],"wp:attachment":[{"href":"https:\/\/konfrutas.com\/index.php\/wp-json\/wp\/v2\/media?parent=247"}],"wp:term":[{"taxonomy":"product_brand","embeddable":true,"href":"https:\/\/konfrutas.com\/index.php\/wp-json\/wp\/v2\/product_brand?post=247"},{"taxonomy":"product_cat","embeddable":true,"href":"https:\/\/konfrutas.com\/index.php\/wp-json\/wp\/v2\/product_cat?post=247"},{"taxonomy":"product_tag","embeddable":true,"href":"https:\/\/konfrutas.com\/index.php\/wp-json\/wp\/v2\/product_tag?post=247"}],"curies":[{"name":"wp","href":"https:\/\/api.w.org\/{rel}","templated":true}]}}