{"id":258,"date":"2024-05-21T15:39:58","date_gmt":"2024-05-21T20:39:58","guid":{"rendered":"https:\/\/konfrutas.com\/?post_type=product&#038;p=258"},"modified":"2025-09-01T15:06:36","modified_gmt":"2025-09-01T20:06:36","slug":"guayaba-mani","status":"publish","type":"product","link":"https:\/\/konfrutas.com\/index.php\/product\/guayaba-mani\/","title":{"rendered":"Guayaba Man\u00ed"},"content":{"rendered":"","protected":false},"excerpt":{"rendered":"<p>Descubre la combinaci\u00f3n perfecta de guayaba y man\u00ed en esta pulpa \u00fanica. Un sabor ex\u00f3tico que te sorprender\u00e1 y deleitar\u00e1 tu paladar.<\/p>\n<p><strong>Nota Importante<\/strong>: El valor del env\u00edo depende de la ciudad de destino. Nuestro servicio al cliente le indicar\u00e1 el costo total del env\u00edo a trav\u00e9s de WhatsApp. El precio que ve en nuestra tienda es solo del producto. \u00a1Gracias por su comprensi\u00f3n!<\/p>\n<p>&nbsp;<\/p>\n","protected":false},"featured_media":0,"comment_status":"open","ping_status":"closed","template":"","meta":{"om_disable_all_campaigns":false,"_monsterinsights_skip_tracking":false,"_monsterinsights_sitenote_active":false,"_monsterinsights_sitenote_note":"","_monsterinsights_sitenote_category":0},"product_brand":[],"product_cat":[26],"product_tag":[],"class_list":{"0":"post-258","1":"product","2":"type-product","3":"status-publish","5":"product_cat-pulpas-combinadas","7":"first","8":"instock","9":"shipping-taxable","10":"purchasable","11":"product-type-variable"},"aioseo_notices":[],"_links":{"self":[{"href":"https:\/\/konfrutas.com\/index.php\/wp-json\/wp\/v2\/product\/258","targetHints":{"allow":["GET"]}}],"collection":[{"href":"https:\/\/konfrutas.com\/index.php\/wp-json\/wp\/v2\/product"}],"about":[{"href":"https:\/\/konfrutas.com\/index.php\/wp-json\/wp\/v2\/types\/product"}],"replies":[{"embeddable":true,"href":"https:\/\/konfrutas.com\/index.php\/wp-json\/wp\/v2\/comments?post=258"}],"wp:attachment":[{"href":"https:\/\/konfrutas.com\/index.php\/wp-json\/wp\/v2\/media?parent=258"}],"wp:term":[{"taxonomy":"product_brand","embeddable":true,"href":"https:\/\/konfrutas.com\/index.php\/wp-json\/wp\/v2\/product_brand?post=258"},{"taxonomy":"product_cat","embeddable":true,"href":"https:\/\/konfrutas.com\/index.php\/wp-json\/wp\/v2\/product_cat?post=258"},{"taxonomy":"product_tag","embeddable":true,"href":"https:\/\/konfrutas.com\/index.php\/wp-json\/wp\/v2\/product_tag?post=258"}],"curies":[{"name":"wp","href":"https:\/\/api.w.org\/{rel}","templated":true}]}}