{"id":277,"date":"2024-05-21T15:53:04","date_gmt":"2024-05-21T20:53:04","guid":{"rendered":"https:\/\/konfrutas.com\/?post_type=product&#038;p=277"},"modified":"2025-11-26T20:19:31","modified_gmt":"2025-11-27T01:19:31","slug":"sirope-de-frutos-amarillos","status":"publish","type":"product","link":"https:\/\/konfrutas.com\/index.php\/product\/sirope-de-frutos-amarillos\/","title":{"rendered":"Sirope de Frutos Amarillos"},"content":{"rendered":"","protected":false},"excerpt":{"rendered":"<p>Disfruta de la ex\u00f3tica mezcla de maracuy\u00e1, mango y pi\u00f1a en nuestro Sirope de Frutos Amarillos. Ideal para darle un toque tropical a tus comidas y bebidas.<\/p>\n<p><strong>Ingredientes<\/strong>: Maracuy\u00e1, Mango, Pi\u00f1a <em>(Podemos personalizarla)<\/em><\/p>\n<p><strong>Nota Importante<\/strong>: El valor del env\u00edo depende de la ciudad de destino. Nuestro servicio al cliente le indicar\u00e1 el costo total del env\u00edo a trav\u00e9s de WhatsApp. El precio que ve en nuestra tienda es solo del producto. \u00a1Gracias por su comprensi\u00f3n!<\/p>\n<p>&nbsp;<\/p>\n","protected":false},"featured_media":281,"comment_status":"open","ping_status":"closed","template":"","meta":{"om_disable_all_campaigns":false,"_monsterinsights_skip_tracking":false,"_monsterinsights_sitenote_active":false,"_monsterinsights_sitenote_note":"","_monsterinsights_sitenote_category":0},"product_brand":[],"product_cat":[27],"product_tag":[],"class_list":{"0":"post-277","1":"product","2":"type-product","3":"status-publish","4":"has-post-thumbnail","6":"product_cat-siropes-para-sodas-italianas","8":"first","9":"instock","10":"shipping-taxable","11":"purchasable","12":"product-type-variable"},"aioseo_notices":[],"_links":{"self":[{"href":"https:\/\/konfrutas.com\/index.php\/wp-json\/wp\/v2\/product\/277","targetHints":{"allow":["GET"]}}],"collection":[{"href":"https:\/\/konfrutas.com\/index.php\/wp-json\/wp\/v2\/product"}],"about":[{"href":"https:\/\/konfrutas.com\/index.php\/wp-json\/wp\/v2\/types\/product"}],"replies":[{"embeddable":true,"href":"https:\/\/konfrutas.com\/index.php\/wp-json\/wp\/v2\/comments?post=277"}],"wp:featuredmedia":[{"embeddable":true,"href":"https:\/\/konfrutas.com\/index.php\/wp-json\/wp\/v2\/media\/281"}],"wp:attachment":[{"href":"https:\/\/konfrutas.com\/index.php\/wp-json\/wp\/v2\/media?parent=277"}],"wp:term":[{"taxonomy":"product_brand","embeddable":true,"href":"https:\/\/konfrutas.com\/index.php\/wp-json\/wp\/v2\/product_brand?post=277"},{"taxonomy":"product_cat","embeddable":true,"href":"https:\/\/konfrutas.com\/index.php\/wp-json\/wp\/v2\/product_cat?post=277"},{"taxonomy":"product_tag","embeddable":true,"href":"https:\/\/konfrutas.com\/index.php\/wp-json\/wp\/v2\/product_tag?post=277"}],"curies":[{"name":"wp","href":"https:\/\/api.w.org\/{rel}","templated":true}]}}